{"id":788,"date":"2022-02-21T19:09:08","date_gmt":"2022-02-21T19:09:08","guid":{"rendered":"http:\/\/redsol.spidev.tech\/?page_id=788"},"modified":"2025-02-10T23:12:39","modified_gmt":"2025-02-10T23:12:39","slug":"certificaciones","status":"publish","type":"page","link":"https:\/\/redsol.com.mx\/en\/certificaciones\/","title":{"rendered":"Certifications"},"content":{"rendered":"<div data-elementor-type=\"wp-page\" data-elementor-id=\"788\" class=\"elementor elementor-788\" data-elementor-post-type=\"page\">\n\t\t\t\t\t\t<section class=\"elementor-section elementor-top-section elementor-element elementor-element-42e67d9 elementor-section-height-min-height elementor-section-boxed elementor-section-height-default elementor-section-items-middle\" data-id=\"42e67d9\" data-element_type=\"section\" data-e-type=\"section\" data-settings=\"{&quot;background_background&quot;:&quot;classic&quot;}\">\n\t\t\t\t\t\t<div class=\"elementor-container elementor-column-gap-no\">\n\t\t\t\t\t<div class=\"elementor-column elementor-col-100 elementor-top-column elementor-element elementor-element-de121d4 animated-slow elementor-invisible\" data-id=\"de121d4\" data-element_type=\"column\" data-e-type=\"column\" data-settings=\"{&quot;animation&quot;:&quot;fadeIn&quot;}\">\n\t\t\t<div class=\"elementor-widget-wrap elementor-element-populated\">\n\t\t\t\t\t\t<section class=\"elementor-section elementor-inner-section elementor-element elementor-element-99a77f9 elementor-section-boxed elementor-section-height-default elementor-section-height-default\" data-id=\"99a77f9\" data-element_type=\"section\" data-e-type=\"section\">\n\t\t\t\t\t\t<div class=\"elementor-container elementor-column-gap-default\">\n\t\t\t\t\t<div class=\"elementor-column elementor-col-50 elementor-inner-column elementor-element elementor-element-ffd606b\" data-id=\"ffd606b\" data-element_type=\"column\" data-e-type=\"column\">\n\t\t\t<div class=\"elementor-widget-wrap elementor-element-populated\">\n\t\t\t\t\t\t<div class=\"elementor-element elementor-element-7d779fc elementor-widget elementor-widget-heading\" data-id=\"7d779fc\" data-element_type=\"widget\" data-e-type=\"widget\" data-widget_type=\"heading.default\">\n\t\t\t\t<div class=\"elementor-widget-container\">\n\t\t\t\t\t<h2 class=\"elementor-heading-title elementor-size-default\">Certifications<\/h2>\t\t\t\t<\/div>\n\t\t\t\t<\/div>\n\t\t\t\t\t<\/div>\n\t\t<\/div>\n\t\t\t\t<div class=\"elementor-column elementor-col-50 elementor-inner-column elementor-element elementor-element-69118c1\" data-id=\"69118c1\" data-element_type=\"column\" data-e-type=\"column\">\n\t\t\t<div class=\"elementor-widget-wrap elementor-element-populated\">\n\t\t\t\t\t\t<div class=\"elementor-element elementor-element-ad720c6 elementor-invisible elementor-widget elementor-widget-image\" data-id=\"ad720c6\" data-element_type=\"widget\" data-e-type=\"widget\" data-settings=\"{&quot;_animation&quot;:&quot;slideInRight&quot;}\" data-widget_type=\"image.default\">\n\t\t\t\t<div class=\"elementor-widget-container\">\n\t\t\t\t\t\t\t\t\t\t\t\t\t\t\t<img fetchpriority=\"high\" decoding=\"async\" width=\"800\" height=\"189\" src=\"https:\/\/redsol.com.mx\/wp-content\/uploads\/2022\/03\/Shorebase-1024x242.png\" class=\"attachment-large size-large wp-image-1103\" alt=\"\" srcset=\"https:\/\/redsol.com.mx\/wp-content\/uploads\/2022\/03\/Shorebase-1024x242.png 1024w, https:\/\/redsol.com.mx\/wp-content\/uploads\/2022\/03\/Shorebase-300x71.png 300w, https:\/\/redsol.com.mx\/wp-content\/uploads\/2022\/03\/Shorebase-768x182.png 768w, https:\/\/redsol.com.mx\/wp-content\/uploads\/2022\/03\/Shorebase-1536x363.png 1536w, https:\/\/redsol.com.mx\/wp-content\/uploads\/2022\/03\/Shorebase-2048x485.png 2048w\" sizes=\"(max-width: 800px) 100vw, 800px\" \/>\t\t\t\t\t\t\t\t\t\t\t\t\t\t\t<\/div>\n\t\t\t\t<\/div>\n\t\t\t\t\t<\/div>\n\t\t<\/div>\n\t\t\t\t\t<\/div>\n\t\t<\/section>\n\t\t\t\t\t<\/div>\n\t\t<\/div>\n\t\t\t\t\t<\/div>\n\t\t<\/section>\n\t\t\t\t<section class=\"elementor-section elementor-top-section elementor-element elementor-element-824934a elementor-section-height-min-height elementor-section-boxed elementor-section-height-default elementor-section-items-middle\" data-id=\"824934a\" data-element_type=\"section\" data-e-type=\"section\" data-settings=\"{&quot;background_background&quot;:&quot;classic&quot;}\">\n\t\t\t\t\t\t<div class=\"elementor-container elementor-column-gap-default\">\n\t\t\t\t\t<div class=\"elementor-column elementor-col-100 elementor-top-column elementor-element elementor-element-46fc5ac\" data-id=\"46fc5ac\" data-element_type=\"column\" data-e-type=\"column\">\n\t\t\t<div class=\"elementor-widget-wrap elementor-element-populated\">\n\t\t\t\t\t\t<div class=\"elementor-element elementor-element-ac3498a animated-slow elementor-invisible elementor-widget elementor-widget-heading\" data-id=\"ac3498a\" data-element_type=\"widget\" data-e-type=\"widget\" data-settings=\"{&quot;_animation&quot;:&quot;fadeIn&quot;}\" data-widget_type=\"heading.default\">\n\t\t\t\t<div class=\"elementor-widget-container\">\n\t\t\t\t\t<h2 class=\"elementor-heading-title elementor-size-default\">En el a\u00f1o 2022 REDSOL logra la aprobaci\u00f3n de las certificaciones ISO 9001, ISO 14001 E ISO 45001. Y en el a\u00f1o 2025, refrendamos este compromiso<\/h2>\t\t\t\t<\/div>\n\t\t\t\t<\/div>\n\t\t\t\t\t<\/div>\n\t\t<\/div>\n\t\t\t\t\t<\/div>\n\t\t<\/section>\n\t\t\t\t<section class=\"elementor-section elementor-top-section elementor-element elementor-element-7d2cfd4 elementor-section-boxed elementor-section-height-default elementor-section-height-default\" data-id=\"7d2cfd4\" data-element_type=\"section\" data-e-type=\"section\" data-settings=\"{&quot;background_background&quot;:&quot;classic&quot;}\">\n\t\t\t\t\t\t<div class=\"elementor-container elementor-column-gap-default\">\n\t\t\t\t\t<div class=\"elementor-column elementor-col-33 elementor-top-column elementor-element elementor-element-02784f2\" data-id=\"02784f2\" data-element_type=\"column\" data-e-type=\"column\">\n\t\t\t<div class=\"elementor-widget-wrap\">\n\t\t\t\t\t\t\t<\/div>\n\t\t<\/div>\n\t\t\t\t<div class=\"elementor-column elementor-col-33 elementor-top-column elementor-element elementor-element-86f4ad8\" data-id=\"86f4ad8\" data-element_type=\"column\" data-e-type=\"column\">\n\t\t\t<div class=\"elementor-widget-wrap elementor-element-populated\">\n\t\t\t\t\t\t<div class=\"elementor-element elementor-element-db43c61 elementor-widget elementor-widget-image\" data-id=\"db43c61\" data-element_type=\"widget\" data-e-type=\"widget\" data-widget_type=\"image.default\">\n\t\t\t\t<div class=\"elementor-widget-container\">\n\t\t\t\t\t\t\t\t\t\t\t\t\t\t\t<img decoding=\"async\" width=\"986\" height=\"1080\" src=\"https:\/\/redsol.com.mx\/wp-content\/uploads\/2025\/02\/recer.jpg\" class=\"attachment-full size-full wp-image-2599\" alt=\"\" srcset=\"https:\/\/redsol.com.mx\/wp-content\/uploads\/2025\/02\/recer.jpg 986w, https:\/\/redsol.com.mx\/wp-content\/uploads\/2025\/02\/recer-274x300.jpg 274w, https:\/\/redsol.com.mx\/wp-content\/uploads\/2025\/02\/recer-935x1024.jpg 935w, https:\/\/redsol.com.mx\/wp-content\/uploads\/2025\/02\/recer-768x841.jpg 768w, https:\/\/redsol.com.mx\/wp-content\/uploads\/2025\/02\/recer-11x12.jpg 11w\" sizes=\"(max-width: 986px) 100vw, 986px\" \/>\t\t\t\t\t\t\t\t\t\t\t\t\t\t\t<\/div>\n\t\t\t\t<\/div>\n\t\t\t\t\t<\/div>\n\t\t<\/div>\n\t\t\t\t<div class=\"elementor-column elementor-col-33 elementor-top-column elementor-element elementor-element-dfac01d\" data-id=\"dfac01d\" data-element_type=\"column\" data-e-type=\"column\">\n\t\t\t<div class=\"elementor-widget-wrap\">\n\t\t\t\t\t\t\t<\/div>\n\t\t<\/div>\n\t\t\t\t\t<\/div>\n\t\t<\/section>\n\t\t\t\t<\/div>","protected":false},"excerpt":{"rendered":"<p>Certificaciones En el a\u00f1o 2022 REDSOL logra la aprobaci\u00f3n de las certificaciones ISO 9001, ISO 14001 E ISO 45001. Y en el a\u00f1o 2025, refrendamos este compromiso<\/p>","protected":false},"author":1,"featured_media":0,"parent":0,"menu_order":0,"comment_status":"closed","ping_status":"closed","template":"","meta":{"footnotes":""},"class_list":["post-788","page","type-page","status-publish","hentry"],"_links":{"self":[{"href":"https:\/\/redsol.com.mx\/en\/wp-json\/wp\/v2\/pages\/788","targetHints":{"allow":["GET"]}}],"collection":[{"href":"https:\/\/redsol.com.mx\/en\/wp-json\/wp\/v2\/pages"}],"about":[{"href":"https:\/\/redsol.com.mx\/en\/wp-json\/wp\/v2\/types\/page"}],"author":[{"embeddable":true,"href":"https:\/\/redsol.com.mx\/en\/wp-json\/wp\/v2\/users\/1"}],"replies":[{"embeddable":true,"href":"https:\/\/redsol.com.mx\/en\/wp-json\/wp\/v2\/comments?post=788"}],"version-history":[{"count":94,"href":"https:\/\/redsol.com.mx\/en\/wp-json\/wp\/v2\/pages\/788\/revisions"}],"predecessor-version":[{"id":2608,"href":"https:\/\/redsol.com.mx\/en\/wp-json\/wp\/v2\/pages\/788\/revisions\/2608"}],"wp:attachment":[{"href":"https:\/\/redsol.com.mx\/en\/wp-json\/wp\/v2\/media?parent=788"}],"curies":[{"name":"wp","href":"https:\/\/api.w.org\/{rel}","templated":true}]}}