{"id":896,"date":"2022-03-09T04:03:46","date_gmt":"2022-03-09T04:03:46","guid":{"rendered":"http:\/\/redsol.spidev.tech\/?page_id=896"},"modified":"2022-03-09T04:10:39","modified_gmt":"2022-03-09T04:10:39","slug":"new-home","status":"publish","type":"page","link":"https:\/\/redsol.com.mx\/en\/new-home\/","title":{"rendered":"New Home"},"content":{"rendered":"<div data-elementor-type=\"wp-page\" data-elementor-id=\"896\" class=\"elementor elementor-896\" data-elementor-post-type=\"page\">\n\t\t\t\t\t\t<section class=\"elementor-section elementor-top-section elementor-element elementor-element-b7fc91e elementor-section-height-min-height elementor-section-boxed elementor-section-height-default elementor-section-items-middle\" data-id=\"b7fc91e\" data-element_type=\"section\" data-e-type=\"section\" data-settings=\"{&quot;background_background&quot;:&quot;classic&quot;}\">\n\t\t\t\t\t\t<div class=\"elementor-container elementor-column-gap-default\">\n\t\t\t\t\t<div class=\"elementor-column elementor-col-100 elementor-top-column elementor-element elementor-element-e3f452c\" data-id=\"e3f452c\" data-element_type=\"column\" data-e-type=\"column\">\n\t\t\t<div class=\"elementor-widget-wrap elementor-element-populated\">\n\t\t\t\t\t\t<div class=\"elementor-element elementor-element-ad1eca2 elementor-widget elementor-widget-image\" data-id=\"ad1eca2\" data-element_type=\"widget\" data-e-type=\"widget\" data-widget_type=\"image.default\">\n\t\t\t\t<div class=\"elementor-widget-container\">\n\t\t\t\t\t\t\t\t\t\t\t\t\t\t\t<img fetchpriority=\"high\" decoding=\"async\" width=\"800\" height=\"184\" src=\"https:\/\/redsol.com.mx\/wp-content\/uploads\/2019\/12\/Redsol-02-1024x236.png\" class=\"attachment-large size-large wp-image-586\" alt=\"\" srcset=\"https:\/\/redsol.com.mx\/wp-content\/uploads\/2019\/12\/Redsol-02-1024x236.png 1024w, https:\/\/redsol.com.mx\/wp-content\/uploads\/2019\/12\/Redsol-02-300x69.png 300w, https:\/\/redsol.com.mx\/wp-content\/uploads\/2019\/12\/Redsol-02-768x177.png 768w, https:\/\/redsol.com.mx\/wp-content\/uploads\/2019\/12\/Redsol-02-1536x354.png 1536w, https:\/\/redsol.com.mx\/wp-content\/uploads\/2019\/12\/Redsol-02-2048x472.png 2048w\" sizes=\"(max-width: 800px) 100vw, 800px\" \/>\t\t\t\t\t\t\t\t\t\t\t\t\t\t\t<\/div>\n\t\t\t\t<\/div>\n\t\t\t\t<section class=\"elementor-section elementor-inner-section elementor-element elementor-element-f4a5237 elementor-section-boxed elementor-section-height-default elementor-section-height-default\" data-id=\"f4a5237\" data-element_type=\"section\" data-e-type=\"section\">\n\t\t\t\t\t\t<div class=\"elementor-container elementor-column-gap-default\">\n\t\t\t\t\t<div class=\"elementor-column elementor-col-50 elementor-inner-column elementor-element elementor-element-4e434e4\" data-id=\"4e434e4\" data-element_type=\"column\" data-e-type=\"column\">\n\t\t\t<div class=\"elementor-widget-wrap\">\n\t\t\t\t\t\t\t<\/div>\n\t\t<\/div>\n\t\t\t\t<div class=\"elementor-column elementor-col-50 elementor-inner-column elementor-element elementor-element-6aad3da\" data-id=\"6aad3da\" data-element_type=\"column\" data-e-type=\"column\">\n\t\t\t<div class=\"elementor-widget-wrap elementor-element-populated\">\n\t\t\t\t\t\t<div class=\"elementor-element elementor-element-9b61e87 elementor-widget elementor-widget-image\" data-id=\"9b61e87\" data-element_type=\"widget\" data-e-type=\"widget\" data-widget_type=\"image.default\">\n\t\t\t\t<div class=\"elementor-widget-container\">\n\t\t\t\t\t\t\t\t\t\t\t\t\t\t\t<img decoding=\"async\" width=\"800\" height=\"280\" src=\"https:\/\/redsol.com.mx\/wp-content\/uploads\/2019\/12\/GEMA-12-1024x358.png\" class=\"attachment-large size-large wp-image-583\" alt=\"\" srcset=\"https:\/\/redsol.com.mx\/wp-content\/uploads\/2019\/12\/GEMA-12-1024x358.png 1024w, https:\/\/redsol.com.mx\/wp-content\/uploads\/2019\/12\/GEMA-12-300x105.png 300w, https:\/\/redsol.com.mx\/wp-content\/uploads\/2019\/12\/GEMA-12-768x268.png 768w, https:\/\/redsol.com.mx\/wp-content\/uploads\/2019\/12\/GEMA-12-1536x536.png 1536w, https:\/\/redsol.com.mx\/wp-content\/uploads\/2019\/12\/GEMA-12-2048x715.png 2048w\" sizes=\"(max-width: 800px) 100vw, 800px\" \/>\t\t\t\t\t\t\t\t\t\t\t\t\t\t\t<\/div>\n\t\t\t\t<\/div>\n\t\t\t\t\t<\/div>\n\t\t<\/div>\n\t\t\t\t\t<\/div>\n\t\t<\/section>\n\t\t\t\t\t<\/div>\n\t\t<\/div>\n\t\t\t\t\t<\/div>\n\t\t<\/section>\n\t\t\t\t<section class=\"elementor-section elementor-top-section elementor-element elementor-element-c1fd1ad elementor-section-boxed elementor-section-height-default elementor-section-height-default\" data-id=\"c1fd1ad\" data-element_type=\"section\" data-e-type=\"section\" data-settings=\"{&quot;background_background&quot;:&quot;classic&quot;}\">\n\t\t\t\t\t\t\t<div class=\"elementor-background-overlay\"><\/div>\n\t\t\t\t\t\t\t<div class=\"elementor-container elementor-column-gap-default\">\n\t\t\t\t\t<div class=\"elementor-column elementor-col-50 elementor-top-column elementor-element elementor-element-f84d01d\" data-id=\"f84d01d\" data-element_type=\"column\" data-e-type=\"column\">\n\t\t\t<div class=\"elementor-widget-wrap elementor-element-populated\">\n\t\t\t\t\t\t<div class=\"elementor-element elementor-element-e560cd5 elementor-widget elementor-widget-heading\" data-id=\"e560cd5\" data-element_type=\"widget\" data-e-type=\"widget\" data-widget_type=\"heading.default\">\n\t\t\t\t<div class=\"elementor-widget-container\">\n\t\t\t\t\t<h2 class=\"elementor-heading-title elementor-size-default\">Logistics and\nand Coastal Base Solutions<\/h2>\t\t\t\t<\/div>\n\t\t\t\t<\/div>\n\t\t\t\t<div class=\"elementor-element elementor-element-e8a9d49 elementor-widget elementor-widget-text-editor\" data-id=\"e8a9d49\" data-element_type=\"widget\" data-e-type=\"widget\" data-widget_type=\"text-editor.default\">\n\t\t\t\t<div class=\"elementor-widget-container\">\n\t\t\t\t\t\t\t\t\t<p>Redsol integra y proporciona soluciones log\u00edsticas integrales para el sector oil &amp; gas en los puertos del Golfo de M\u00e9xico. Iniciamos realizando la log\u00edstica costa afuera en los proyectos de las empresas pertenecientes a Grupo GEMA, integrando una gran variedad de producto y procesos, incluyendo tambi\u00e9n la fabricaci\u00f3n de CCUs.<\/p>\t\t\t\t\t\t\t\t<\/div>\n\t\t\t\t<\/div>\n\t\t\t\t\t<\/div>\n\t\t<\/div>\n\t\t\t\t<div class=\"elementor-column elementor-col-50 elementor-top-column elementor-element elementor-element-4474d8f\" data-id=\"4474d8f\" data-element_type=\"column\" data-e-type=\"column\">\n\t\t\t<div class=\"elementor-widget-wrap\">\n\t\t\t\t\t\t\t<\/div>\n\t\t<\/div>\n\t\t\t\t\t<\/div>\n\t\t<\/section>\n\t\t\t\t<\/div>","protected":false},"excerpt":{"rendered":"<p>Soluciones Log\u00edsticas y de Base Costera Redsol integra y proporciona soluciones log\u00edsticas integrales para el sector oil &amp; gas en los puertos del Golfo de M\u00e9xico. Iniciamos realizando la log\u00edstica costa afuera en los proyectos de las empresas pertenecientes a Grupo GEMA, integrando una gran variedad de producto y procesos, incluyendo tambi\u00e9n la fabricaci\u00f3n de [&hellip;]<\/p>","protected":false},"author":1,"featured_media":0,"parent":0,"menu_order":0,"comment_status":"closed","ping_status":"closed","template":"elementor_canvas","meta":{"footnotes":""},"class_list":["post-896","page","type-page","status-publish","hentry"],"_links":{"self":[{"href":"https:\/\/redsol.com.mx\/en\/wp-json\/wp\/v2\/pages\/896","targetHints":{"allow":["GET"]}}],"collection":[{"href":"https:\/\/redsol.com.mx\/en\/wp-json\/wp\/v2\/pages"}],"about":[{"href":"https:\/\/redsol.com.mx\/en\/wp-json\/wp\/v2\/types\/page"}],"author":[{"embeddable":true,"href":"https:\/\/redsol.com.mx\/en\/wp-json\/wp\/v2\/users\/1"}],"replies":[{"embeddable":true,"href":"https:\/\/redsol.com.mx\/en\/wp-json\/wp\/v2\/comments?post=896"}],"version-history":[{"count":13,"href":"https:\/\/redsol.com.mx\/en\/wp-json\/wp\/v2\/pages\/896\/revisions"}],"predecessor-version":[{"id":910,"href":"https:\/\/redsol.com.mx\/en\/wp-json\/wp\/v2\/pages\/896\/revisions\/910"}],"wp:attachment":[{"href":"https:\/\/redsol.com.mx\/en\/wp-json\/wp\/v2\/media?parent=896"}],"curies":[{"name":"wp","href":"https:\/\/api.w.org\/{rel}","templated":true}]}}